{"id":27,"date":"2023-11-16T11:14:56","date_gmt":"2023-11-16T11:14:56","guid":{"rendered":"http:\/\/cmt-suport.sim.tuiasi.ro\/?page_id=27"},"modified":"2024-10-21T14:06:17","modified_gmt":"2024-10-21T14:06:17","slug":"plan-de-realizare","status":"publish","type":"page","link":"http:\/\/cmt-suport.sim.tuiasi.ro\/en\/plan-de-realizare\/","title":{"rendered":"General information about the project"},"content":{"rendered":"<div class=\"wp-block-group alignfull has-accent-background-color has-background has-global-padding is-layout-constrained wp-block-group-is-layout-constrained\" style=\"margin-top:0;margin-bottom:0;padding-top:var(--wp--preset--spacing--50);padding-right:var(--wp--preset--spacing--50);padding-bottom:var(--wp--preset--spacing--50);padding-left:var(--wp--preset--spacing--50)\">\n<div class=\"wp-block-columns alignwide is-layout-flex wp-container-core-columns-layout-1 wp-block-columns-is-layout-flex\">\n<div class=\"wp-block-column is-vertically-aligned-stretch is-layout-flow wp-block-column-is-layout-flow\" style=\"flex-basis:50%\">\n<div class=\"wp-block-group is-vertical is-content-justification-stretch is-layout-flex wp-container-core-group-layout-1 wp-block-group-is-layout-flex\" style=\"min-height:100%\">\n<p><strong>Project Leader:<\/strong> prof. dr. ing. Alina Adriana Minea<\/p>\n\n\n\n<p><strong>Financing<\/strong>: state budget<\/p>\n\n\n\n<p><strong>Project type:<\/strong>Suport<\/p>\n\n\n\n<p><strong>Contracting Authority:<\/strong>Executive Unit for the Financing of Higher Education, Research, Development and Innovation<\/p>\n\n\n\n<p><strong>Contractor:<\/strong>\"GHEORGHE ASACHI\" TECHNICAL UNIVERSITY From IA\u015eI<\/p>\n\n\n\n<p><strong>Project code:<\/strong>PN-IV-P8-8.1-PRE-HE-ORG-2023-0036 <\/p>\n\n\n\n<p><strong>Contract no.:<\/strong>10PHE\/2023<\/p>\n\n\n\n<p><strong>Project title:<\/strong>Transforming Europe by increasing transversal skills and talents among PhD students<\/p>\n\n\n\n<p><strong>Project acronym:<\/strong>DocTalent4EU support<\/p>\n\n\n\n<p><strong>Project duration:<\/strong>13 months, 01\/11\/2023 \u2013 29\/11\/2024<\/p>\n\n\n\n<p><strong>Budget:<\/strong>65.906 RON<\/p>\n<\/div>\n<\/div>\n\n\n\n<div class=\"wp-block-column is-vertically-aligned-center is-layout-flow wp-block-column-is-layout-flow\" style=\"flex-basis:50%\">\n<figure class=\"wp-block-image size-full is-style-rounded\"><img loading=\"lazy\" decoding=\"async\" width=\"401\" height=\"401\" src=\"http:\/\/cmt-suport.sim.tuiasi.ro\/wp-content\/uploads\/2023\/11\/logo-TUIASI.png\" alt=\"\" class=\"wp-image-30\" style=\"aspect-ratio:4\/3;object-fit:cover\" srcset=\"http:\/\/cmt-suport.sim.tuiasi.ro\/wp-content\/uploads\/2023\/11\/logo-TUIASI.png 401w, http:\/\/cmt-suport.sim.tuiasi.ro\/wp-content\/uploads\/2023\/11\/logo-TUIASI-300x300.png 300w, http:\/\/cmt-suport.sim.tuiasi.ro\/wp-content\/uploads\/2023\/11\/logo-TUIASI-150x150.png 150w\" sizes=\"(max-width: 401px) 100vw, 401px\" \/><\/figure>\n<\/div>\n<\/div>\n<\/div>\n\n\n\n<div class=\"wp-block-group alignfull has-base-background-color has-background has-global-padding is-layout-constrained wp-block-group-is-layout-constrained\" style=\"margin-top:0;margin-bottom:0;padding-top:var(--wp--preset--spacing--50);padding-right:var(--wp--preset--spacing--50);padding-bottom:var(--wp--preset--spacing--50);padding-left:var(--wp--preset--spacing--50)\">\n<h2 class=\"wp-block-heading\"><strong>Project summary<\/strong><\/h2>\n\n\n\n<div class=\"wp-block-columns alignwide is-layout-flex wp-container-core-columns-layout-2 wp-block-columns-is-layout-flex\">\n<div class=\"wp-block-column has-global-padding is-layout-constrained wp-block-column-is-layout-constrained\" style=\"flex-basis:50%\">\n<p class=\"has-text-align-left\">Transforming Europe Through Doctoral Talent and Skills Recognition is part of Horizon Europe: HORIZON-WIDERA-2022-ERA-01-50. In this project, TUIASI is in an active partnership with 7 other European universities, the C\u00f4te d'Azur University being the coordinator. The project will develop digital credentials under the European brand \"DocTalent4EU credentials\", licensed under CC-BY-NC, to enable widespread recognition of transferable skills and competences acquired by PhD students and early career researchers (ECRs), with reference to the ESCO classification. <\/p>\n<\/div>\n\n\n\n<div class=\"wp-block-column has-global-padding is-layout-constrained wp-block-column-is-layout-constrained\" style=\"flex-basis:50%\">\n<p class=\"has-text-align-left\">Pentru a asigura conformitatea cu standardele \u00eenalte \u0219i asigurarea calit\u0103\u021bii, acredit\u0103rile DocTalent4EU vor fi create \u0219i eliberate sub \u00eendrumarea unui Comitet \u0219tiin\u021bific format din 7 reprezentan\u021bi ai sectorului academic (directori CSUD sau de \u0219coli doctorale pentru fiecare partener academic din consor\u021biu), precum \u0219i 7 reprezentan\u021bi ai sectorului nonacademic (dintre companiile partenere). Aceast\u0103 cerere de finan\u0163are vine \u00een sprijinul bugetului proiectului prin cre\u015fterea num\u0103rului de deplas\u0103ri pentru schimb de bune practici, \u00eembun\u0103t\u0103\u0163irea infrastructurii IT pentru predare-\u00eenv\u0103\u0163are \u015fi finan\u0163area personalului pro bono din cadrul CMT-TUIASI \u015fi promovarea CMT-TUIASI.<\/p>\n<\/div>\n<\/div>\n<\/div>\n\n\n\n<div class=\"wp-block-group alignfull has-accent-5-background-color has-background has-global-padding is-layout-constrained wp-block-group-is-layout-constrained\" style=\"margin-top:0;margin-bottom:0;padding-top:var(--wp--preset--spacing--50);padding-right:var(--wp--preset--spacing--50);padding-bottom:var(--wp--preset--spacing--50);padding-left:var(--wp--preset--spacing--50)\">\n<div class=\"wp-block-columns alignwide is-layout-flex wp-container-core-columns-layout-3 wp-block-columns-is-layout-flex\">\n<div class=\"wp-block-column is-vertically-aligned-center is-layout-flow wp-block-column-is-layout-flow\" style=\"flex-basis:60%\">\n<h2 class=\"wp-block-heading\"><strong>The objective of the project<\/strong><\/h2>\n\n\n\n<ul>\n<li>increasing the number of trips for the exchange of best practices<\/li>\n\n\n\n<li>improving the IT infrastructure for teaching and learning<\/li>\n\n\n\n<li>funding of pro bono staff within CMT-TUIASI<\/li>\n<\/ul>\n<\/div>\n\n\n\n<div class=\"wp-block-column is-layout-flow wp-block-column-is-layout-flow\" style=\"flex-basis:40%\">\n<h3 class=\"wp-block-heading\"><strong>General objectives:<\/strong><\/h3>\n\n\n\n<p>Through DocTalent4EU, a minimum of 8 mobilities of 5 days each will be supported for doctoral students and a minimum of 10 mobilities of 3 days each for teaching staff involved in the program. This proposal aims to increase the number of mobilities, especially those involved in CMT-TUIASI for the exchange of experience and the implementation of good practices in TUIASI.<\/p>\n\n\n\n<ol>\n<li>Functionalization of the CMT-TUIASI center.<\/li>\n\n\n\n<li>Initiating and developing viable collaborations with partners from the public and private economic environment.<\/li>\n\n\n\n<li>Mobility supported by the program.<\/li>\n\n\n\n<li>Training courses, specialized training, continuing education, addressed especially to young researchers. A greater participation of doctoral students in courses to increase transversal skills will be ensured.<\/li>\n\n\n\n<li>Organization of events for the communication and popularization of science.<\/li>\n<\/ol>\n<\/div>\n<\/div>\n<\/div>\n\n\n\n<div class=\"wp-block-group alignfull has-global-padding is-layout-constrained wp-block-group-is-layout-constrained\" style=\"margin-top:0;margin-bottom:0;padding-top:var(--wp--preset--spacing--50);padding-right:var(--wp--preset--spacing--50);padding-bottom:var(--wp--preset--spacing--50);padding-left:var(--wp--preset--spacing--50)\">\n<div class=\"wp-block-columns alignwide are-vertically-aligned-center is-layout-flex wp-container-core-columns-layout-4 wp-block-columns-is-layout-flex\">\n<div class=\"wp-block-column is-vertically-aligned-center is-layout-flow wp-block-column-is-layout-flow\" style=\"flex-basis:50%\">\n<h2 class=\"wp-block-heading\"><strong>Estimated results<\/strong><\/h2>\n\n\n\n<ul style=\"line-height:1.75\" class=\"is-style-checkmark-list\">\n<li>Creation of a database with collaborators from the economic environment<\/li>\n\n\n\n<li>Creation and implementation of transversal skills training courses<\/li>\n\n\n\n<li>Portofoliu de lucru CMT (draft-uri protocoale d ecolaborare, plan de carier\u0103, strategie ALUMNI etc)<\/li>\n\n\n\n<li>Questionnaire application for doctoral students regarding training courses in transversal skills<\/li>\n\n\n\n<li>Final portfolio implementation of CMT-TUIASI activities<\/li>\n\n\n\n<li>Promovarea CMT-TUIASI<\/li>\n<\/ul>\n<\/div>\n\n\n\n<div class=\"wp-block-column is-vertically-aligned-center is-layout-flow wp-block-column-is-layout-flow\" style=\"flex-basis:50%\">\n<figure class=\"wp-block-image size-full is-style-rounded\"><img decoding=\"async\" src=\"http:\/\/cmt-suport.sim.tuiasi.ro\/wp-content\/themes\/twentytwentyfour\/assets\/images\/abstract-geometric-art.webp\" alt=\"White abstract geometric artwork from Dresden, Germany\" style=\"aspect-ratio:4\/3;object-fit:cover\"\/><\/figure>\n<\/div>\n<\/div>\n<\/div>\n\n\n\n<div class=\"wp-block-group alignfull has-accent-background-color has-background has-global-padding is-layout-constrained wp-block-group-is-layout-constrained\" style=\"margin-top:0;margin-bottom:0;padding-top:var(--wp--preset--spacing--50);padding-right:var(--wp--preset--spacing--50);padding-bottom:var(--wp--preset--spacing--50);padding-left:var(--wp--preset--spacing--50)\">\n<h2 class=\"wp-block-heading\"><strong><strong>Implementation plan<\/strong><\/strong><\/h2>\n\n\n\n<div style=\"height:50px\" aria-hidden=\"true\" class=\"wp-block-spacer\"><\/div>\n\n\n\n<div class=\"wp-block-columns alignwide is-layout-flex wp-container-core-columns-layout-5 wp-block-columns-is-layout-flex\">\n<div class=\"wp-block-column is-vertically-aligned-stretch is-layout-flow wp-block-column-is-layout-flow\" style=\"flex-basis:50%\">\n<div class=\"wp-block-group is-vertical is-content-justification-stretch is-layout-flex wp-container-core-group-layout-6 wp-block-group-is-layout-flex\" style=\"min-height:100%\">\n<p><strong>Stage 1 \u2013 December 15, 2023<\/strong><\/p>\n\n\n\n<p>Initiation and development of collaborations with partners from the economic environment<\/p>\n\n\n\n<p><strong><em>Stage results:<\/em><\/strong><\/p>\n\n\n\n<p>Database of collaborators from the economic environment<\/p>\n\n\n\n<p><strong><em>Activities:&nbsp;<\/em><\/strong><\/p>\n\n\n\n<p class=\"wp-container-content-1\">A1.1 Creation of databases with collaborators for the development of the activities of the TUIASI talent management center<\/p>\n<\/div>\n<\/div>\n\n\n\n<div class=\"wp-block-column is-vertically-aligned-center is-layout-flow wp-block-column-is-layout-flow\" style=\"flex-basis:50%\">\n<p><strong>Stage 2 \u2013 November 30, 2024<\/strong><\/p>\n\n\n\n<p>Denumire etapa: Opera\u0163ionalizare func\u0163ionare\u015fi promovare CMT-TUIASI<\/p>\n\n\n\n<p><strong><em>Stage results:<\/em><\/strong><\/p>\n\n\n\n<p>List of transversal skills training courses<\/p>\n\n\n\n<p>Portofoliu de lucru CMT (draft-uri protocoale d ecolaborare, plan de carier\u0103, strategie ALUMNI etc)<\/p>\n\n\n\n<p>Results of the questionnaire survey of doctoral students regarding training courses in transversal skills<\/p>\n\n\n\n<p>Promotion activity report<\/p>\n\n\n\n<p><strong><em>Activities:<\/em><\/strong><\/p>\n\n\n\n<p>A2.1 Exchanges of best practices within DocTalent4EU<\/p>\n\n\n\n<p>A2.2 Structuring the necessary training courses for transversal skills for doctoral students<\/p>\n\n\n\n<p>A2.3 Creation of CMT-TUIASI work portfolio&nbsp;<\/p>\n\n\n\n<p>A2.4 Promotion of CMT-TUIASI and its activities<\/p>\n<\/div>\n<\/div>\n<\/div>\n\n\n\n<div class=\"wp-block-group alignfull has-global-padding is-layout-constrained wp-block-group-is-layout-constrained\" style=\"margin-top:0;margin-bottom:0;padding-top:var(--wp--preset--spacing--50);padding-right:var(--wp--preset--spacing--50);padding-bottom:var(--wp--preset--spacing--50);padding-left:var(--wp--preset--spacing--50)\">\n<div class=\"wp-block-group is-vertical is-content-justification-center is-layout-flex wp-container-core-group-layout-8 wp-block-group-is-layout-flex\">\n<h2 class=\"wp-block-heading has-text-align-center has-x-large-font-size\"><strong>The project team<\/strong><\/h2>\n<\/div>\n\n\n\n<div style=\"height:var(--wp--preset--spacing--30)\" aria-hidden=\"true\" class=\"wp-block-spacer\"><\/div>\n\n\n\n<div class=\"wp-block-columns alignwide is-layout-flex wp-container-core-columns-layout-6 wp-block-columns-is-layout-flex\" style=\"padding-right:0;padding-left:0\">\n<div class=\"wp-block-column is-layout-flow wp-block-column-is-layout-flow\">\n<figure class=\"wp-block-image size-full is-style-rounded\"><img loading=\"lazy\" decoding=\"async\" width=\"582\" height=\"729\" src=\"http:\/\/cmt-suport.sim.tuiasi.ro\/wp-content\/uploads\/2023\/11\/Alina-Adriana-Minea.gif\" alt=\"\" class=\"wp-image-33\" style=\"aspect-ratio:1;object-fit:cover\"\/><\/figure>\n\n\n\n<div class=\"wp-block-group is-vertical is-content-justification-center is-nowrap is-layout-flex wp-container-core-group-layout-9 wp-block-group-is-layout-flex\">\n<p class=\"has-text-align-center has-small-font-size\"><strong>Profesor Dr. Habil. Ing. Alina Adriana MINEA<\/strong><\/p>\n\n\n\n<p class=\"has-text-align-center has-small-font-size\">Project manager<\/p>\n<\/div>\n<\/div>\n\n\n\n<div class=\"wp-block-column is-layout-flow wp-block-column-is-layout-flow\">\n<figure class=\"wp-block-image size-full is-style-rounded\"><img loading=\"lazy\" decoding=\"async\" width=\"1695\" height=\"2560\" src=\"http:\/\/cmt-suport.sim.tuiasi.ro\/wp-content\/uploads\/2023\/11\/Chereches-Ionela-scaled.jpg\" alt=\"\" class=\"wp-image-36\" style=\"aspect-ratio:1;object-fit:cover\" srcset=\"http:\/\/cmt-suport.sim.tuiasi.ro\/wp-content\/uploads\/2023\/11\/Chereches-Ionela-scaled.jpg 1695w, http:\/\/cmt-suport.sim.tuiasi.ro\/wp-content\/uploads\/2023\/11\/Chereches-Ionela-199x300.jpg 199w, http:\/\/cmt-suport.sim.tuiasi.ro\/wp-content\/uploads\/2023\/11\/Chereches-Ionela-678x1024.jpg 678w, http:\/\/cmt-suport.sim.tuiasi.ro\/wp-content\/uploads\/2023\/11\/Chereches-Ionela-768x1160.jpg 768w, http:\/\/cmt-suport.sim.tuiasi.ro\/wp-content\/uploads\/2023\/11\/Chereches-Ionela-1017x1536.jpg 1017w, http:\/\/cmt-suport.sim.tuiasi.ro\/wp-content\/uploads\/2023\/11\/Chereches-Ionela-1356x2048.jpg 1356w\" sizes=\"(max-width: 1695px) 100vw, 1695px\" \/><\/figure>\n\n\n\n<div class=\"wp-block-group is-vertical is-content-justification-center is-nowrap is-layout-flex wp-container-core-group-layout-10 wp-block-group-is-layout-flex\">\n<p class=\"has-text-align-center has-small-font-size\"><strong>Dr. Ing. Elena-Ionela CHERECHE\u015e<\/strong><\/p>\n\n\n\n<p class=\"has-text-align-center has-small-font-size\">Postdoctoral researcher<\/p>\n<\/div>\n<\/div>\n\n\n\n<div class=\"wp-block-column is-layout-flow wp-block-column-is-layout-flow\">\n<figure class=\"wp-block-image size-full is-style-rounded\"><img loading=\"lazy\" decoding=\"async\" width=\"582\" height=\"729\" src=\"http:\/\/cmt-suport.sim.tuiasi.ro\/wp-content\/uploads\/2023\/11\/Brindusa-MihaelaSluser-1.jpg\" alt=\"\" class=\"wp-image-45\" style=\"aspect-ratio:1;object-fit:cover\" srcset=\"http:\/\/cmt-suport.sim.tuiasi.ro\/wp-content\/uploads\/2023\/11\/Brindusa-MihaelaSluser-1.jpg 582w, http:\/\/cmt-suport.sim.tuiasi.ro\/wp-content\/uploads\/2023\/11\/Brindusa-MihaelaSluser-1-240x300.jpg 240w\" sizes=\"(max-width: 582px) 100vw, 582px\" \/><\/figure>\n\n\n\n<div class=\"wp-block-group is-vertical is-content-justification-center is-nowrap is-layout-flex wp-container-core-group-layout-11 wp-block-group-is-layout-flex\">\n<p class=\"has-text-align-center has-small-font-size\"><strong>Conf.dr.ing. Br\u00eendu\u015fa Mihaela SLU\u015eER<\/strong><\/p>\n\n\n\n<p class=\"has-text-align-center has-small-font-size\"><\/p>\n<\/div>\n<\/div>\n\n\n\n<div class=\"wp-block-column is-layout-flow wp-block-column-is-layout-flow\">\n<figure class=\"wp-block-image size-full is-style-rounded\"><img loading=\"lazy\" decoding=\"async\" width=\"582\" height=\"729\" src=\"http:\/\/cmt-suport.sim.tuiasi.ro\/wp-content\/uploads\/2023\/11\/Nicanor-Cimpoesu.gif\" alt=\"\" class=\"wp-image-39\" style=\"aspect-ratio:1;object-fit:cover\"\/><\/figure>\n\n\n\n<div class=\"wp-block-group is-vertical is-content-justification-center is-nowrap is-layout-flex wp-container-core-group-layout-12 wp-block-group-is-layout-flex\">\n<p class=\"has-text-align-center has-small-font-size\"><strong>Prof.dr.ing. Nicanor CIMPOE\u015eU<\/strong><\/p>\n\n\n\n<p class=\"has-text-align-center has-small-font-size\"><\/p>\n<\/div>\n<\/div>\n<\/div>\n\n\n\n<div style=\"height:50px\" aria-hidden=\"true\" class=\"wp-block-spacer\"><\/div>\n\n\n\n<p><strong>Profesor Dr. Habil. Ing. Alina Adriana MINEA<\/strong><\/p>\n\n\n\n<p>Project manager<\/p>\n\n\n\n<p>\"Gheorghe Asachi\" Technical University Iasi, Faculty of Materials Science and Engineering, Department of Technologies and Equipment for Materials Processing<\/p>\n\n\n\n<p>Research field: nanomaterials, nanofluids, heat transfer, heating equipment<\/p>\n\n\n\n<p><a href=\"https:\/\/www.researchgate.net\/profile\/Alina-Adriana-Minea\">https:\/\/www.researchgate.net\/profile\/Alina-Adriana-Minea<\/a><\/p>\n\n\n\n<p><a href=\"https:\/\/www.brainmap.ro\/alina-adriana-minea\">https:\/\/www.brainmap.ro\/alina-adriana-minea<\/a><\/p>\n\n\n\n<hr class=\"wp-block-separator has-text-color has-contrast-color has-alpha-channel-opacity has-contrast-background-color has-background is-style-wide\" style=\"margin-top:var(--wp--preset--spacing--20);margin-bottom:var(--wp--preset--spacing--20)\"\/>\n\n\n\n<p><strong>Dr. Ing. Elena-Ionela CHERECHE\u015e<\/strong><\/p>\n\n\n\n<p>Postdoctoral researcher<\/p>\n\n\n\n<p>\"Gheorghe Asachi\" Technical University Iasi, Faculty of Materials Science and Engineering, Department of Materials Science<\/p>\n\n\n\n<p>Research field: nanomaterials, nanofluids, heat transfer, ionanofluids<\/p>\n\n\n\n<p><a href=\"https:\/\/www.researchgate.net\/profile\/Elena-Chereches\">https:\/\/www.researchgate.net\/profile\/Elena-Chereches<\/a><\/p>\n\n\n\n<p><a href=\"https:\/\/www.brainmap.ro\/elena-ionela-chereches\">https:\/\/www.brainmap.ro\/elena-ionela-chereches<\/a><\/p>\n\n\n\n<hr class=\"wp-block-separator has-text-color has-contrast-color has-alpha-channel-opacity has-contrast-background-color has-background is-style-wide\" style=\"margin-top:var(--wp--preset--spacing--20);margin-bottom:var(--wp--preset--spacing--20)\"\/>\n\n\n\n<p><strong>Conf.dr.ing. Br\u00eendu\u015fa Mihaela SLU\u015eER<\/strong><\/p>\n\n\n\n<p>Technical University \"Gheorghe Asachi\" Iasi, Faculty of Chemical Engineering and Environmental Protection<\/p>\n\n\n\n<p>Research field: environmental engineering<\/p>\n\n\n\n<p><a href=\"https:\/\/www.brainmap.ro\/brindusa-mihaela-sluser\">https:\/\/www.brainmap.ro\/brindusa-mihaela-sluser<\/a><\/p>\n\n\n\n<hr class=\"wp-block-separator has-text-color has-contrast-color has-alpha-channel-opacity has-contrast-background-color has-background is-style-wide\" style=\"margin-top:var(--wp--preset--spacing--20);margin-bottom:var(--wp--preset--spacing--20)\"\/>\n\n\n\n<p><strong>Prof.dr.ing. Nicanor CIMPOE\u015eU<\/strong><\/p>\n\n\n\n<p>\"Gheorghe Asachi\" Technical University Iasi, Faculty of Materials Science and Engineering, Department of Materials Science<\/p>\n\n\n\n<p>Research field: materials engineering<\/p>\n\n\n\n<p><a href=\"https:\/\/www.brainmap.ro\/nicanor-cimpoesu\">https:\/\/www.brainmap.ro\/nicanor-cimpoesu<\/a><\/p>\n<\/div>\n\n\n\n<div class=\"wp-block-group alignfull has-base-color has-contrast-background-color has-text-color has-background has-link-color wp-elements-8800007774697c924dcbdc860a996616 has-global-padding is-layout-constrained wp-block-group-is-layout-constrained\" style=\"margin-top:0;margin-bottom:0;padding-top:var(--wp--preset--spacing--50);padding-right:var(--wp--preset--spacing--50);padding-bottom:var(--wp--preset--spacing--50);padding-left:var(--wp--preset--spacing--50)\">\n<h3 class=\"wp-block-heading alignwide has-base-color has-text-color has-link-color wp-elements-4ada7719257d8e675fd18374bba6f057\" style=\"font-size:clamp(2.021rem, 2.021rem + ((1vw - 0.2rem) * 2.632), 3.6rem);letter-spacing:-0.02em\"><strong>Contact<\/strong><\/h3>\n\n\n\n<div class=\"wp-block-group alignwide is-layout-flow wp-block-group-is-layout-flow\">\n<hr class=\"wp-block-separator has-text-color has-base-color has-alpha-channel-opacity has-base-background-color has-background is-style-wide\"\/>\n\n\n\n<p>Technical University \"Gheorghe Asachi\" Iasi<\/p>\n\n\n\n<p>Iasi, Bd. D. Mangeron no. 59, postal code 700050<\/p>\n\n\n\n<hr class=\"wp-block-separator has-text-color has-base-color has-alpha-channel-opacity has-base-background-color has-background is-style-wide\"\/>\n\n\n\n<p><strong>Profesor Dr. Habil. Ing. Alina Adriana MINEA<\/strong><\/p>\n\n\n\n<p>E-mail: alina-adriana.minea@academic.tuiasi.ro<\/p>\n\n\n\n<hr class=\"wp-block-separator has-text-color has-base-color has-alpha-channel-opacity has-base-background-color has-background is-style-wide\"\/>\n\n\n\n<p><strong>Dr. Eng. Elena-Ionela CHERECHE\u015e<\/strong><\/p>\n\n\n\n<p>E-mail: elena-ionela.chereches@academic.tuiasi.ro<\/p>\n\n\n\n<div style=\"margin-top:var(--wp--preset--spacing--10);margin-bottom:0;height:var(--wp--preset--spacing--10)\" aria-hidden=\"true\" class=\"wp-block-spacer\"><\/div>\n<\/div>\n<\/div>","protected":false},"excerpt":{"rendered":"<p>Director de proiect: prof. dr. ing. Alina Adriana Minea Finan\u021bare: bugetul de stat Tip proiect: Suport Autoritatea Contractant\u0103: Unitatea Executiv\u0103 pentru Finan\u021barea \u00cenv\u0103\u021b\u0103m\u00e2ntului Superior, a Cercet\u0103rii, Dezvolt\u0103rii \u0219i Inov\u0103rii Contractor: UNIVERSITATEA TEHNIC\u0102 \u201cGHEORGHE ASACHI\u201d IA\u015eI Cod proiect: PN-IV-P8-8.1-PRE-HE-ORG-2023-0036, Nr. contractului: 10PHE\/2023 Titlul proiectului: Transformare Europeana prin cre\u0219terea competen\u021belor transversale \u0219i a talentelor \u00een r\u00e2ndul studen\u021bilor [&hellip;]<\/p>","protected":false},"author":3,"featured_media":0,"parent":0,"menu_order":0,"comment_status":"closed","ping_status":"closed","template":"","meta":{"footnotes":""},"_links":{"self":[{"href":"http:\/\/cmt-suport.sim.tuiasi.ro\/en\/wp-json\/wp\/v2\/pages\/27"}],"collection":[{"href":"http:\/\/cmt-suport.sim.tuiasi.ro\/en\/wp-json\/wp\/v2\/pages"}],"about":[{"href":"http:\/\/cmt-suport.sim.tuiasi.ro\/en\/wp-json\/wp\/v2\/types\/page"}],"author":[{"embeddable":true,"href":"http:\/\/cmt-suport.sim.tuiasi.ro\/en\/wp-json\/wp\/v2\/users\/3"}],"replies":[{"embeddable":true,"href":"http:\/\/cmt-suport.sim.tuiasi.ro\/en\/wp-json\/wp\/v2\/comments?post=27"}],"version-history":[{"count":13,"href":"http:\/\/cmt-suport.sim.tuiasi.ro\/en\/wp-json\/wp\/v2\/pages\/27\/revisions"}],"predecessor-version":[{"id":187,"href":"http:\/\/cmt-suport.sim.tuiasi.ro\/en\/wp-json\/wp\/v2\/pages\/27\/revisions\/187"}],"wp:attachment":[{"href":"http:\/\/cmt-suport.sim.tuiasi.ro\/en\/wp-json\/wp\/v2\/media?parent=27"}],"curies":[{"name":"wp","href":"https:\/\/api.w.org\/{rel}","templated":true}]}}